{"id":78,"date":"2019-06-11T23:11:14","date_gmt":"2019-06-11T21:11:14","guid":{"rendered":"http:\/\/f6kmf.fr\/?page_id=78"},"modified":"2019-06-11T23:28:43","modified_gmt":"2019-06-11T21:28:43","slug":"un-loisir-reglemente","status":"publish","type":"page","link":"https:\/\/f6kmf.fr\/index.php\/un-loisir-reglemente\/","title":{"rendered":"Un loisir r\u00e9glement\u00e9"},"content":{"rendered":"\n<p>R\u00e9gi par l&rsquo;Agence Nationale des Fr\u00e9quences, chaque radioamateur re\u00e7oit un indicatif d&rsquo;appel officiel (de la forme:F4XXX) apr\u00e8s le passage d&rsquo;un examen de connaissances techniques.<br>\nLa r\u00e9glementation interdit les communications \u00e0 titre priv\u00e9, d\u00e9bats \u00e0 caract\u00e8re politique, commercial ou religieux.<\/p>\n","protected":false},"excerpt":{"rendered":"<p>R\u00e9gi par l&rsquo;Agence Nationale des Fr\u00e9quences, chaque radioamateur re\u00e7oit un indicatif d&rsquo;appel officiel (de la forme:F4XXX) apr\u00e8s le passage d&rsquo;un<\/p>\n","protected":false},"author":1,"featured_media":0,"parent":0,"menu_order":0,"comment_status":"closed","ping_status":"closed","template":"","meta":{"colormag_page_container_layout":"default_layout","colormag_page_sidebar_layout":"default_layout","footnotes":""},"class_list":["post-78","page","type-page","status-publish","hentry"],"_links":{"self":[{"href":"https:\/\/f6kmf.fr\/index.php\/wp-json\/wp\/v2\/pages\/78","targetHints":{"allow":["GET"]}}],"collection":[{"href":"https:\/\/f6kmf.fr\/index.php\/wp-json\/wp\/v2\/pages"}],"about":[{"href":"https:\/\/f6kmf.fr\/index.php\/wp-json\/wp\/v2\/types\/page"}],"author":[{"embeddable":true,"href":"https:\/\/f6kmf.fr\/index.php\/wp-json\/wp\/v2\/users\/1"}],"replies":[{"embeddable":true,"href":"https:\/\/f6kmf.fr\/index.php\/wp-json\/wp\/v2\/comments?post=78"}],"version-history":[{"count":2,"href":"https:\/\/f6kmf.fr\/index.php\/wp-json\/wp\/v2\/pages\/78\/revisions"}],"predecessor-version":[{"id":105,"href":"https:\/\/f6kmf.fr\/index.php\/wp-json\/wp\/v2\/pages\/78\/revisions\/105"}],"wp:attachment":[{"href":"https:\/\/f6kmf.fr\/index.php\/wp-json\/wp\/v2\/media?parent=78"}],"curies":[{"name":"wp","href":"https:\/\/api.w.org\/{rel}","templated":true}]}}