{"id":77,"date":"2019-06-11T23:11:13","date_gmt":"2019-06-11T21:11:13","guid":{"rendered":"http:\/\/f6kmf.fr\/?page_id=77"},"modified":"2019-06-12T14:15:56","modified_gmt":"2019-06-12T12:15:56","slug":"une-grande-chaine-damitie","status":"publish","type":"page","link":"https:\/\/f6kmf.fr\/index.php\/une-grande-chaine-damitie\/","title":{"rendered":"Une grande cha\u00eene d&rsquo;amiti\u00e9 et de solidarit\u00e9"},"content":{"rendered":"\n<p class=\"has-text-color has-vivid-red-color\"><strong>Les radioamateurs de la s\u00e9curit\u00e9 civile au service de tous : <\/strong><\/p>\n\n\n\n<p><strong>Etre \u00e0 l&rsquo;\u00e9coute des messages de d\u00e9tresse, regroup\u00e9s en \u00e9quipes d&rsquo;urgences, au service des pr\u00e9fectures pour assurer une couverture radio en cas de d\u00e9sastre. <\/strong><\/p>\n\n\n\n<p class=\"has-text-color has-vivid-red-color\"><strong>Dans chaque d\u00e9partement, le pr\u00e9fet engage les radio-mateurs de l\u2019ADRASEC pour \u00e9tablir des transmissions suppl\u00e9tives ou rechercher un a\u00e9ronef en d\u00e9tresse. <\/strong><\/p>\n","protected":false},"excerpt":{"rendered":"<p>Les radioamateurs de la s\u00e9curit\u00e9 civile au service de tous : Etre \u00e0 l&rsquo;\u00e9coute des messages de d\u00e9tresse, regroup\u00e9s en<\/p>\n","protected":false},"author":1,"featured_media":0,"parent":0,"menu_order":0,"comment_status":"closed","ping_status":"closed","template":"","meta":{"colormag_page_container_layout":"default_layout","colormag_page_sidebar_layout":"default_layout","footnotes":""},"class_list":["post-77","page","type-page","status-publish","hentry"],"_links":{"self":[{"href":"https:\/\/f6kmf.fr\/index.php\/wp-json\/wp\/v2\/pages\/77","targetHints":{"allow":["GET"]}}],"collection":[{"href":"https:\/\/f6kmf.fr\/index.php\/wp-json\/wp\/v2\/pages"}],"about":[{"href":"https:\/\/f6kmf.fr\/index.php\/wp-json\/wp\/v2\/types\/page"}],"author":[{"embeddable":true,"href":"https:\/\/f6kmf.fr\/index.php\/wp-json\/wp\/v2\/users\/1"}],"replies":[{"embeddable":true,"href":"https:\/\/f6kmf.fr\/index.php\/wp-json\/wp\/v2\/comments?post=77"}],"version-history":[{"count":3,"href":"https:\/\/f6kmf.fr\/index.php\/wp-json\/wp\/v2\/pages\/77\/revisions"}],"predecessor-version":[{"id":128,"href":"https:\/\/f6kmf.fr\/index.php\/wp-json\/wp\/v2\/pages\/77\/revisions\/128"}],"wp:attachment":[{"href":"https:\/\/f6kmf.fr\/index.php\/wp-json\/wp\/v2\/media?parent=77"}],"curies":[{"name":"wp","href":"https:\/\/api.w.org\/{rel}","templated":true}]}}