{"id":76,"date":"2019-06-11T23:11:13","date_gmt":"2019-06-11T21:11:13","guid":{"rendered":"http:\/\/f6kmf.fr\/?page_id=76"},"modified":"2019-06-12T14:04:05","modified_gmt":"2019-06-12T12:04:05","slug":"un-vaste-champ-dexperimentation","status":"publish","type":"page","link":"https:\/\/f6kmf.fr\/index.php\/un-vaste-champ-dexperimentation\/","title":{"rendered":"Un vaste champ d&rsquo;exp\u00e9rimentation"},"content":{"rendered":"\n<p><strong>Exp\u00e9rimenter l\u2019\u00e9lectronique, la t\u00e9l\u00e9phonie, la t\u00e9l\u00e9graphie (langage morse), la t\u00e9l\u00e9vision, les transmissions num\u00e9riques et transferts de donn\u00e9es par radio. <\/strong><\/p>\n\n\n\n<p><strong>Transmettre par satellites ou relais, radiolocalisation, r\u00e9flexion des ondes sur l&rsquo;ionosph\u00e8re, les montagnes, les essaims de m\u00e9t\u00e9orites et m\u00eame sur la lune ! <\/strong><\/p>\n","protected":false},"excerpt":{"rendered":"<p>Exp\u00e9rimenter l\u2019\u00e9lectronique, la t\u00e9l\u00e9phonie, la t\u00e9l\u00e9graphie (langage morse), la t\u00e9l\u00e9vision, les transmissions num\u00e9riques et transferts de donn\u00e9es par radio. Transmettre<\/p>\n","protected":false},"author":1,"featured_media":0,"parent":0,"menu_order":0,"comment_status":"closed","ping_status":"closed","template":"","meta":{"colormag_page_container_layout":"default_layout","colormag_page_sidebar_layout":"default_layout","footnotes":""},"class_list":["post-76","page","type-page","status-publish","hentry"],"_links":{"self":[{"href":"https:\/\/f6kmf.fr\/index.php\/wp-json\/wp\/v2\/pages\/76","targetHints":{"allow":["GET"]}}],"collection":[{"href":"https:\/\/f6kmf.fr\/index.php\/wp-json\/wp\/v2\/pages"}],"about":[{"href":"https:\/\/f6kmf.fr\/index.php\/wp-json\/wp\/v2\/types\/page"}],"author":[{"embeddable":true,"href":"https:\/\/f6kmf.fr\/index.php\/wp-json\/wp\/v2\/users\/1"}],"replies":[{"embeddable":true,"href":"https:\/\/f6kmf.fr\/index.php\/wp-json\/wp\/v2\/comments?post=76"}],"version-history":[{"count":2,"href":"https:\/\/f6kmf.fr\/index.php\/wp-json\/wp\/v2\/pages\/76\/revisions"}],"predecessor-version":[{"id":120,"href":"https:\/\/f6kmf.fr\/index.php\/wp-json\/wp\/v2\/pages\/76\/revisions\/120"}],"wp:attachment":[{"href":"https:\/\/f6kmf.fr\/index.php\/wp-json\/wp\/v2\/media?parent=76"}],"curies":[{"name":"wp","href":"https:\/\/api.w.org\/{rel}","templated":true}]}}