{"id":75,"date":"2019-06-11T23:11:13","date_gmt":"2019-06-11T21:11:13","guid":{"rendered":"http:\/\/f6kmf.fr\/?page_id=75"},"modified":"2019-06-12T14:01:29","modified_gmt":"2019-06-12T12:01:29","slug":"un-loisir-planetaire","status":"publish","type":"page","link":"https:\/\/f6kmf.fr\/index.php\/un-loisir-planetaire\/","title":{"rendered":"Un loisir plan\u00e9taire"},"content":{"rendered":"\n<p> <strong>13000 Radioamateurs en France. Plus de 3 millions dans le monde, des amis dans presque tous les pays et des Radioamateurs c\u00e9l\u00e8bres :Thomas Pesquet et la plupart des astronautes, les Rois Hussein de Jordanie et Juan Carlos d\u2019Espagne, Hassan II du Maroc, Marlon Brando, Steve Wozniak (cofondateur d\u2019Apple), Jo\u00e9 Taylor prix Nobel de physique \u2026 <\/strong><\/p>\n\n\n\n<figure class=\"wp-block-image is-resized\"><img loading=\"lazy\" decoding=\"async\" src=\"https:\/\/f6kmf.fr\/wp-content\/uploads\/2019\/06\/hussein.jpg\" alt=\"\" class=\"wp-image-110\" width=\"311\" height=\"253\" srcset=\"https:\/\/f6kmf.fr\/wp-content\/uploads\/2019\/06\/hussein.jpg 580w, https:\/\/f6kmf.fr\/wp-content\/uploads\/2019\/06\/hussein-300x244.jpg 300w\" sizes=\"auto, (max-width: 311px) 100vw, 311px\" \/><figcaption>L&rsquo;ancien roi de Jordanie Hussein<\/figcaption><\/figure>\n\n\n\n<p><strong>D\u00e9couvrir des personnes de toutes nationalit\u00e9s et de toutes conditions, partageant la m\u00eame passion, et communiquer avec eux gr\u00e2ce \u00e0 l&rsquo;installation que l&rsquo;on a assembl\u00e9e, et en pratiquant les langues \u00e9trang\u00e8res !<\/strong><\/p>\n\n\n\n<figure class=\"wp-block-image\"><img loading=\"lazy\" decoding=\"async\" width=\"1024\" height=\"366\" src=\"https:\/\/f6kmf.fr\/wp-content\/uploads\/2019\/06\/vu3yt1-1024x366.jpg\" alt=\"\" class=\"wp-image-116\" srcset=\"https:\/\/f6kmf.fr\/wp-content\/uploads\/2019\/06\/vu3yt1-1024x366.jpg 1024w, https:\/\/f6kmf.fr\/wp-content\/uploads\/2019\/06\/vu3yt1-300x107.jpg 300w, https:\/\/f6kmf.fr\/wp-content\/uploads\/2019\/06\/vu3yt1-768x275.jpg 768w, https:\/\/f6kmf.fr\/wp-content\/uploads\/2019\/06\/vu3yt1.jpg 1116w\" sizes=\"auto, (max-width: 1024px) 100vw, 1024px\" \/><\/figure>\n\n\n\n<figure class=\"wp-block-image\"><img loading=\"lazy\" decoding=\"async\" width=\"480\" height=\"363\" src=\"https:\/\/f6kmf.fr\/wp-content\/uploads\/2019\/06\/themonster.jpg\" alt=\"\" class=\"wp-image-117\" srcset=\"https:\/\/f6kmf.fr\/wp-content\/uploads\/2019\/06\/themonster.jpg 480w, https:\/\/f6kmf.fr\/wp-content\/uploads\/2019\/06\/themonster-300x227.jpg 300w\" sizes=\"auto, (max-width: 480px) 100vw, 480px\" \/><figcaption><strong>Oui &#8230;. lui aussi !<\/strong><\/figcaption><\/figure>\n","protected":false},"excerpt":{"rendered":"<p>13000 Radioamateurs en France. Plus de 3 millions dans le monde, des amis dans presque tous les pays et des<\/p>\n","protected":false},"author":1,"featured_media":0,"parent":0,"menu_order":0,"comment_status":"closed","ping_status":"closed","template":"","meta":{"colormag_page_container_layout":"default_layout","colormag_page_sidebar_layout":"default_layout","footnotes":""},"class_list":["post-75","page","type-page","status-publish","hentry"],"_links":{"self":[{"href":"https:\/\/f6kmf.fr\/index.php\/wp-json\/wp\/v2\/pages\/75","targetHints":{"allow":["GET"]}}],"collection":[{"href":"https:\/\/f6kmf.fr\/index.php\/wp-json\/wp\/v2\/pages"}],"about":[{"href":"https:\/\/f6kmf.fr\/index.php\/wp-json\/wp\/v2\/types\/page"}],"author":[{"embeddable":true,"href":"https:\/\/f6kmf.fr\/index.php\/wp-json\/wp\/v2\/users\/1"}],"replies":[{"embeddable":true,"href":"https:\/\/f6kmf.fr\/index.php\/wp-json\/wp\/v2\/comments?post=75"}],"version-history":[{"count":4,"href":"https:\/\/f6kmf.fr\/index.php\/wp-json\/wp\/v2\/pages\/75\/revisions"}],"predecessor-version":[{"id":118,"href":"https:\/\/f6kmf.fr\/index.php\/wp-json\/wp\/v2\/pages\/75\/revisions\/118"}],"wp:attachment":[{"href":"https:\/\/f6kmf.fr\/index.php\/wp-json\/wp\/v2\/media?parent=75"}],"curies":[{"name":"wp","href":"https:\/\/api.w.org\/{rel}","templated":true}]}}