{"id":134,"date":"2019-06-12T14:44:29","date_gmt":"2019-06-12T12:44:29","guid":{"rendered":"http:\/\/f6kmf.fr\/?page_id=134"},"modified":"2019-06-13T09:20:20","modified_gmt":"2019-06-13T07:20:20","slug":"reception-de-liss","status":"publish","type":"page","link":"https:\/\/f6kmf.fr\/index.php\/reception-de-liss\/","title":{"rendered":"R\u00e9ception de l&rsquo;ISS"},"content":{"rendered":"\n<figure class=\"wp-block-embed-youtube wp-block-embed is-type-video is-provider-youtube wp-embed-aspect-4-3 wp-has-aspect-ratio\"><div class=\"wp-block-embed__wrapper\">\n<iframe loading=\"lazy\" width=\"800\" height=\"600\" src=\"https:\/\/www.youtube.com\/embed\/_TaTZ9tvdkE?feature=oembed\" frameborder=\"0\" allow=\"accelerometer; autoplay; encrypted-media; gyroscope; picture-in-picture\" allowfullscreen><\/iframe>\n<\/div><\/figure>\n\n\n\n<p>A l&rsquo;aide d&rsquo;une simple cl\u00e9 USB TNT (Cl\u00e9 d&rsquo;une dizaine d&rsquo;\u20ac destin\u00e9e \u00e0 la r\u00e9ception de la t\u00e9l\u00e9vision TNT sur un ordinateur) d&rsquo;un logiciel en libre service et d&rsquo;une antenne sommaire, il est possible de recevoir les communications de la station spatiale internationale \u00e0 destinations des \u00e9coles.<\/p>\n","protected":false},"excerpt":{"rendered":"<p>A l&rsquo;aide d&rsquo;une simple cl\u00e9 USB TNT (Cl\u00e9 d&rsquo;une dizaine d&rsquo;\u20ac destin\u00e9e \u00e0 la r\u00e9ception de la t\u00e9l\u00e9vision TNT sur<\/p>\n","protected":false},"author":1,"featured_media":0,"parent":0,"menu_order":0,"comment_status":"closed","ping_status":"closed","template":"","meta":{"colormag_page_container_layout":"default_layout","colormag_page_sidebar_layout":"default_layout","footnotes":""},"class_list":["post-134","page","type-page","status-publish","hentry"],"_links":{"self":[{"href":"https:\/\/f6kmf.fr\/index.php\/wp-json\/wp\/v2\/pages\/134","targetHints":{"allow":["GET"]}}],"collection":[{"href":"https:\/\/f6kmf.fr\/index.php\/wp-json\/wp\/v2\/pages"}],"about":[{"href":"https:\/\/f6kmf.fr\/index.php\/wp-json\/wp\/v2\/types\/page"}],"author":[{"embeddable":true,"href":"https:\/\/f6kmf.fr\/index.php\/wp-json\/wp\/v2\/users\/1"}],"replies":[{"embeddable":true,"href":"https:\/\/f6kmf.fr\/index.php\/wp-json\/wp\/v2\/comments?post=134"}],"version-history":[{"count":3,"href":"https:\/\/f6kmf.fr\/index.php\/wp-json\/wp\/v2\/pages\/134\/revisions"}],"predecessor-version":[{"id":150,"href":"https:\/\/f6kmf.fr\/index.php\/wp-json\/wp\/v2\/pages\/134\/revisions\/150"}],"wp:attachment":[{"href":"https:\/\/f6kmf.fr\/index.php\/wp-json\/wp\/v2\/media?parent=134"}],"curies":[{"name":"wp","href":"https:\/\/api.w.org\/{rel}","templated":true}]}}