{"id":121,"date":"2019-06-12T14:08:20","date_gmt":"2019-06-12T12:08:20","guid":{"rendered":"http:\/\/f6kmf.fr\/?page_id=121"},"modified":"2019-06-12T14:37:51","modified_gmt":"2019-06-12T12:37:51","slug":"les-ateliers-jeunes","status":"publish","type":"page","link":"https:\/\/f6kmf.fr\/index.php\/les-ateliers-jeunes\/","title":{"rendered":"Les ateliers \u00ab\u00a0jeunes\u00a0\u00bb"},"content":{"rendered":"\n<p><strong>Souvent curieux et autodidacte, le radioamateur ne cesse d&rsquo;apprendre, voil\u00e0 un formidable tremplin pour les jeunes se destinant \u00e0 une carri\u00e8re technique ou scientifique. <\/strong><\/p>\n\n\n\n<p class=\"has-medium-font-size\"><strong>Depuis la rentr\u00e9e scolaire 2018, le Radio Club Chalonnais propose des ateliers jeunes quelques samedis apr\u00e8s midi par mois. Accessibles \u00e0 partir de 10 ans, vous pouvez vous initier :  <\/strong> <\/p>\n\n\n\n<p>\u2022<strong>\u00a0 Aux montages d\u2019objets \u00e9lectroniques simples (circuits imprim\u00e9s, reconnaissance des composants, soudure des \u00e9l\u00e9ments, tests) <\/strong> <\/p>\n\n\n\n<figure class=\"wp-block-image\"><img loading=\"lazy\" decoding=\"async\" width=\"872\" height=\"378\" src=\"https:\/\/f6kmf.fr\/wp-content\/uploads\/2019\/06\/atelier1.jpg\" alt=\"\" class=\"wp-image-130\" srcset=\"https:\/\/f6kmf.fr\/wp-content\/uploads\/2019\/06\/atelier1.jpg 872w, https:\/\/f6kmf.fr\/wp-content\/uploads\/2019\/06\/atelier1-300x130.jpg 300w, https:\/\/f6kmf.fr\/wp-content\/uploads\/2019\/06\/atelier1-768x333.jpg 768w\" sizes=\"auto, (max-width: 872px) 100vw, 872px\" \/><\/figure>\n\n\n\n<p> \u2022<strong>\u00a0 A la r\u00e9ception des fr\u00e9quences radioamateurs et aviation avec PC \u00e9quip\u00e9 d\u2019une cl\u00e9 <\/strong> <\/p>\n\n\n\n<p>\u2022<strong>\u00a0 D\u00e9monstration de liaisons par satellites<\/strong><\/p>\n\n\n\n<figure class=\"wp-block-image\"><img loading=\"lazy\" decoding=\"async\" width=\"1024\" height=\"614\" src=\"https:\/\/f6kmf.fr\/wp-content\/uploads\/2019\/06\/20181006_150801-1024x614.jpg\" alt=\"\" class=\"wp-image-131\" srcset=\"https:\/\/f6kmf.fr\/wp-content\/uploads\/2019\/06\/20181006_150801-1024x614.jpg 1024w, https:\/\/f6kmf.fr\/wp-content\/uploads\/2019\/06\/20181006_150801-300x180.jpg 300w, https:\/\/f6kmf.fr\/wp-content\/uploads\/2019\/06\/20181006_150801-768x461.jpg 768w\" sizes=\"auto, (max-width: 1024px) 100vw, 1024px\" \/><\/figure>\n","protected":false},"excerpt":{"rendered":"<p>Souvent curieux et autodidacte, le radioamateur ne cesse d&rsquo;apprendre, voil\u00e0 un formidable tremplin pour les jeunes se destinant \u00e0 une<\/p>\n","protected":false},"author":1,"featured_media":0,"parent":0,"menu_order":0,"comment_status":"closed","ping_status":"closed","template":"","meta":{"colormag_page_container_layout":"default_layout","colormag_page_sidebar_layout":"default_layout","footnotes":""},"class_list":["post-121","page","type-page","status-publish","hentry"],"_links":{"self":[{"href":"https:\/\/f6kmf.fr\/index.php\/wp-json\/wp\/v2\/pages\/121","targetHints":{"allow":["GET"]}}],"collection":[{"href":"https:\/\/f6kmf.fr\/index.php\/wp-json\/wp\/v2\/pages"}],"about":[{"href":"https:\/\/f6kmf.fr\/index.php\/wp-json\/wp\/v2\/types\/page"}],"author":[{"embeddable":true,"href":"https:\/\/f6kmf.fr\/index.php\/wp-json\/wp\/v2\/users\/1"}],"replies":[{"embeddable":true,"href":"https:\/\/f6kmf.fr\/index.php\/wp-json\/wp\/v2\/comments?post=121"}],"version-history":[{"count":2,"href":"https:\/\/f6kmf.fr\/index.php\/wp-json\/wp\/v2\/pages\/121\/revisions"}],"predecessor-version":[{"id":132,"href":"https:\/\/f6kmf.fr\/index.php\/wp-json\/wp\/v2\/pages\/121\/revisions\/132"}],"wp:attachment":[{"href":"https:\/\/f6kmf.fr\/index.php\/wp-json\/wp\/v2\/media?parent=121"}],"curies":[{"name":"wp","href":"https:\/\/api.w.org\/{rel}","templated":true}]}}